{"id":430,"date":"2024-07-26T19:15:57","date_gmt":"2024-07-26T18:15:57","guid":{"rendered":"https:\/\/bennie.hu\/?page_id=430"},"modified":"2024-07-26T19:19:11","modified_gmt":"2024-07-26T18:19:11","slug":"elehetoseg","status":"publish","type":"page","link":"https:\/\/bennie.hu\/?page_id=430","title":{"rendered":"El\u00e9het\u0151s\u00e9g"},"content":{"rendered":"\n<p><a href=\"https:\/\/grabcad.com\/benjamin.szabo-1\">GrabCAD<\/a><br \/>3D modellez\u0151s dolgok<\/p>\n\n<p><a href=\"https:\/\/www.facebook.com\/orulttudos\/\">Facebook<\/a><br \/>K\u00f6z\u00f6ss\u00e9gi m\u00e9di\u00e1s dolgok, publikus fot\u00f3k. Ezek majd em\u00e9lhet\u0151leg \u00e1tke\u00fclnek ide eredeti min\u0151s\u00e9gben.<\/p>\n<p><a href=\"https:\/\/www.linkedin.com\/in\/benj%C3%A1min-szab%C3%B3-545b90217\/\">LinkedIn<\/a><br \/>Hivat\u00e1sos munka.<\/p>\n","protected":false},"excerpt":{"rendered":"<p>GrabCAD3D modellez\u0151s dolgok FacebookK\u00f6z\u00f6ss\u00e9gi m\u00e9di\u00e1s dolgok, publikus fot\u00f3k. Ezek majd em\u00e9lhet\u0151leg \u00e1tke\u00fclnek ide eredeti min\u0151s\u00e9gben. LinkedInHivat\u00e1sos munka.<\/p>\n","protected":false},"author":1,"featured_media":0,"parent":0,"menu_order":0,"comment_status":"closed","ping_status":"closed","template":"","meta":{"footnotes":""},"class_list":["post-430","page","type-page","status-publish","hentry"],"_links":{"self":[{"href":"https:\/\/bennie.hu\/index.php?rest_route=\/wp\/v2\/pages\/430","targetHints":{"allow":["GET"]}}],"collection":[{"href":"https:\/\/bennie.hu\/index.php?rest_route=\/wp\/v2\/pages"}],"about":[{"href":"https:\/\/bennie.hu\/index.php?rest_route=\/wp\/v2\/types\/page"}],"author":[{"embeddable":true,"href":"https:\/\/bennie.hu\/index.php?rest_route=\/wp\/v2\/users\/1"}],"replies":[{"embeddable":true,"href":"https:\/\/bennie.hu\/index.php?rest_route=%2Fwp%2Fv2%2Fcomments&post=430"}],"version-history":[{"count":3,"href":"https:\/\/bennie.hu\/index.php?rest_route=\/wp\/v2\/pages\/430\/revisions"}],"predecessor-version":[{"id":433,"href":"https:\/\/bennie.hu\/index.php?rest_route=\/wp\/v2\/pages\/430\/revisions\/433"}],"wp:attachment":[{"href":"https:\/\/bennie.hu\/index.php?rest_route=%2Fwp%2Fv2%2Fmedia&parent=430"}],"curies":[{"name":"wp","href":"https:\/\/api.w.org\/{rel}","templated":true}]}}